{"id":124,"date":"2022-11-15T07:57:06","date_gmt":"2022-11-15T06:57:06","guid":{"rendered":"https:\/\/nextbike-live.pluspol-networks.de\/cergy-pontoise\/widerrufsbelehrung\/"},"modified":"2025-04-24T10:47:11","modified_gmt":"2025-04-24T08:47:11","slug":"retractation","status":"publish","type":"page","link":"https:\/\/www.velo2.cergypontoise.fr\/fr\/retractation\/","title":{"rendered":"R\u00e9tractation"},"content":{"rendered":"<div class=\"wpb-content-wrapper\"><p>[vc_row][vc_column][vc_column_text]<h1>Information sur le droit de r\u00e9tractation<\/h1>\n<p>Cette information sur le droit de r\u00e9tractation s\u2019applique aux abonnements, et non au tarif de base.<\/p>\n<p>&nbsp;<\/p>\n<p><strong>Droit de r\u00e9tractation<\/strong><\/p>\n<p>Vous avez le droit de r\u00e9silier le pr\u00e9sent contrat sans donner de motif dans un d\u00e9lai de quatorze jours.<\/p>\n<p>Le d\u00e9lai de r\u00e9tractation est de quatorze jours \u00e0 compter de la date de conclusion du contrat.<\/p>\n<p>Pour exercer votre droit de r\u00e9tractation, vous devez nous informer (nextbike France, 17 Avenue de Strasbourg, 68350 Brunstatt-Didenheim, num\u00e9ro de t\u00e9l\u00e9phone: +33 805 371 897, adresse e-mail: <a href=\"mailto:velo2@nextbike.com\">velo2@nextbike.com<\/a>)\u00a0de votre d\u00e9cision de r\u00e9tractation du pr\u00e9sent contrat par une d\u00e9claration sans \u00e9quivoque (par exemple, lettre envoy\u00e9e par la poste, t\u00e9l\u00e9copie ou e-mail). Pour ce faire, vous pouvez utiliser le mod\u00e8le de formulaire de r\u00e9tractation ci-joint, qui n\u2019est toutefois pas obligatoire.<\/p>\n<p>Pour que le d\u00e9lai de r\u00e9tractation soit respect\u00e9, il suffit que vous envoyiez la communication relative \u00e0 l\u2019exercice du droit de r\u00e9tractation avant l\u2019expiration du d\u00e9lai de r\u00e9tractation.<\/p>\n<p><strong>Cons\u00e9quences de la r\u00e9tractation<\/strong><\/p>\n<p>En cas de r\u00e9siliation du pr\u00e9sent contrat, nous vous rembourserons tous les paiements re\u00e7us de votre part, y compris les frais de livraison (\u00e0 l\u2019exception des frais suppl\u00e9mentaires d\u00e9coulant du fait que vous avez choisi un mode de livraison autre que le mode moins co\u00fbteux de livraison standard propos\u00e9 de notre part), sans retard excessif et au plus tard quatorze jours \u00e0 compter de la date \u00e0 laquelle nous avons re\u00e7u la communication de votre d\u00e9cision de r\u00e9tractation du pr\u00e9sent contrat. Pour ce remboursement, nous utilisons le m\u00eame moyen de paiement que celui que vous avez utilis\u00e9 pour la transaction initiale, \u00e0 moins qu\u2019il n\u2019en ait \u00e9t\u00e9 express\u00e9ment convenu autrement avec vous; en aucun cas, des frais ne vous seront factur\u00e9s pour ce remboursement.<\/p>\n<p>Si vous avez demand\u00e9 que les services commencent pendant le d\u00e9lai de r\u00e9tractation, vous devez nous verser un montant raisonnable correspondant \u00e0 la part des services d\u00e9j\u00e0 fournis au moment o\u00f9 vous nous informez de l\u2019exercice du droit de r\u00e9tractation concernant le pr\u00e9sent contrat par rapport \u00e0 l\u2019ensemble des services pr\u00e9vus dans le contrat.<\/p>\n<a aria-label=\"Ouvre dans un nouvel onglet\" href=\"https:\/\/www.velo2.cergypontoise.fr\/wp-content\/uploads\/sites\/102\/2025\/05\/empty-png.png\" target=\"_blank\" class=\"ppi_withdrawal_download_link\"><strong> <\/strong><\/a>[\/vc_column_text][\/vc_column][\/vc_row]<\/p>\n<\/div>","protected":false},"excerpt":{"rendered":"<p>[vc_row][vc_column][vc_column_text][\/vc_column_text][\/vc_column][\/vc_row]<\/p>\n","protected":false},"author":5,"featured_media":0,"parent":0,"menu_order":0,"comment_status":"closed","ping_status":"closed","template":"","meta":{"_acf_changed":false,"inline_featured_image":false,"footnotes":""},"class_list":["post-124","page","type-page","status-publish","hentry"],"acf":[],"yoast_head":"<!-- This site is optimized with the Yoast SEO plugin v27.2 - https:\/\/yoast.com\/product\/yoast-seo-wordpress\/ -->\n<title>R\u00e9tractation - V\u00e9lO2 Cergy-Pontoise<\/title>\n<meta name=\"robots\" content=\"index, follow, max-snippet:-1, max-image-preview:large, max-video-preview:-1\" \/>\n<link rel=\"canonical\" href=\"https:\/\/www.velo2.cergypontoise.fr\/fr\/retractation\/\" \/>\n<meta property=\"og:locale\" content=\"fr_FR\" \/>\n<meta property=\"og:type\" content=\"article\" \/>\n<meta property=\"og:title\" content=\"R\u00e9tractation - V\u00e9lO2 Cergy-Pontoise\" \/>\n<meta property=\"og:description\" content=\"[vc_row][vc_column][vc_column_text][\/vc_column_text][\/vc_column][\/vc_row]\" \/>\n<meta property=\"og:url\" content=\"https:\/\/www.velo2.cergypontoise.fr\/fr\/retractation\/\" \/>\n<meta property=\"og:site_name\" content=\"V\u00e9lO2 Cergy-Pontoise\" \/>\n<meta property=\"article:modified_time\" content=\"2025-04-24T08:47:11+00:00\" \/>\n<meta name=\"twitter:card\" content=\"summary_large_image\" \/>\n<meta name=\"twitter:label1\" content=\"Dur\u00e9e de lecture estim\u00e9e\" \/>\n\t<meta name=\"twitter:data1\" content=\"1 minute\" \/>\n<script type=\"application\/ld+json\" class=\"yoast-schema-graph\">{\"@context\":\"https:\/\/schema.org\",\"@graph\":[{\"@type\":\"WebPage\",\"@id\":\"https:\/\/www.velo2.cergypontoise.fr\/fr\/retractation\/\",\"url\":\"https:\/\/www.velo2.cergypontoise.fr\/fr\/retractation\/\",\"name\":\"R\u00e9tractation - V\u00e9lO2 Cergy-Pontoise\",\"isPartOf\":{\"@id\":\"https:\/\/www.velo2.cergypontoise.fr\/fr\/#website\"},\"datePublished\":\"2022-11-15T06:57:06+00:00\",\"dateModified\":\"2025-04-24T08:47:11+00:00\",\"breadcrumb\":{\"@id\":\"https:\/\/www.velo2.cergypontoise.fr\/fr\/retractation\/#breadcrumb\"},\"inLanguage\":\"fr-FR\",\"potentialAction\":[{\"@type\":\"ReadAction\",\"target\":[\"https:\/\/www.velo2.cergypontoise.fr\/fr\/retractation\/\"]}]},{\"@type\":\"BreadcrumbList\",\"@id\":\"https:\/\/www.velo2.cergypontoise.fr\/fr\/retractation\/#breadcrumb\",\"itemListElement\":[{\"@type\":\"ListItem\",\"position\":1,\"name\":\"Startseite\",\"item\":\"https:\/\/www.velo2.cergypontoise.fr\/fr\/\"},{\"@type\":\"ListItem\",\"position\":2,\"name\":\"R\u00e9tractation\"}]},{\"@type\":\"WebSite\",\"@id\":\"https:\/\/www.velo2.cergypontoise.fr\/fr\/#website\",\"url\":\"https:\/\/www.velo2.cergypontoise.fr\/fr\/\",\"name\":\"V\u00e9lO2 Cergy-Pontoise\",\"description\":\"Bike Sharing by nextbike\",\"potentialAction\":[{\"@type\":\"SearchAction\",\"target\":{\"@type\":\"EntryPoint\",\"urlTemplate\":\"https:\/\/www.velo2.cergypontoise.fr\/fr\/?s={search_term_string}\"},\"query-input\":{\"@type\":\"PropertyValueSpecification\",\"valueRequired\":true,\"valueName\":\"search_term_string\"}}],\"inLanguage\":\"fr-FR\"}]}<\/script>\n<!-- \/ Yoast SEO plugin. -->","yoast_head_json":{"title":"R\u00e9tractation - V\u00e9lO2 Cergy-Pontoise","robots":{"index":"index","follow":"follow","max-snippet":"max-snippet:-1","max-image-preview":"max-image-preview:large","max-video-preview":"max-video-preview:-1"},"canonical":"https:\/\/www.velo2.cergypontoise.fr\/fr\/retractation\/","og_locale":"fr_FR","og_type":"article","og_title":"R\u00e9tractation - V\u00e9lO2 Cergy-Pontoise","og_description":"[vc_row][vc_column][vc_column_text][\/vc_column_text][\/vc_column][\/vc_row]","og_url":"https:\/\/www.velo2.cergypontoise.fr\/fr\/retractation\/","og_site_name":"V\u00e9lO2 Cergy-Pontoise","article_modified_time":"2025-04-24T08:47:11+00:00","twitter_card":"summary_large_image","twitter_misc":{"Dur\u00e9e de lecture estim\u00e9e":"1 minute"},"schema":{"@context":"https:\/\/schema.org","@graph":[{"@type":"WebPage","@id":"https:\/\/www.velo2.cergypontoise.fr\/fr\/retractation\/","url":"https:\/\/www.velo2.cergypontoise.fr\/fr\/retractation\/","name":"R\u00e9tractation - V\u00e9lO2 Cergy-Pontoise","isPartOf":{"@id":"https:\/\/www.velo2.cergypontoise.fr\/fr\/#website"},"datePublished":"2022-11-15T06:57:06+00:00","dateModified":"2025-04-24T08:47:11+00:00","breadcrumb":{"@id":"https:\/\/www.velo2.cergypontoise.fr\/fr\/retractation\/#breadcrumb"},"inLanguage":"fr-FR","potentialAction":[{"@type":"ReadAction","target":["https:\/\/www.velo2.cergypontoise.fr\/fr\/retractation\/"]}]},{"@type":"BreadcrumbList","@id":"https:\/\/www.velo2.cergypontoise.fr\/fr\/retractation\/#breadcrumb","itemListElement":[{"@type":"ListItem","position":1,"name":"Startseite","item":"https:\/\/www.velo2.cergypontoise.fr\/fr\/"},{"@type":"ListItem","position":2,"name":"R\u00e9tractation"}]},{"@type":"WebSite","@id":"https:\/\/www.velo2.cergypontoise.fr\/fr\/#website","url":"https:\/\/www.velo2.cergypontoise.fr\/fr\/","name":"V\u00e9lO2 Cergy-Pontoise","description":"Bike Sharing by nextbike","potentialAction":[{"@type":"SearchAction","target":{"@type":"EntryPoint","urlTemplate":"https:\/\/www.velo2.cergypontoise.fr\/fr\/?s={search_term_string}"},"query-input":{"@type":"PropertyValueSpecification","valueRequired":true,"valueName":"search_term_string"}}],"inLanguage":"fr-FR"}]}},"_links":{"self":[{"href":"https:\/\/www.velo2.cergypontoise.fr\/fr\/wp-json\/wp\/v2\/pages\/124","targetHints":{"allow":["GET"]}}],"collection":[{"href":"https:\/\/www.velo2.cergypontoise.fr\/fr\/wp-json\/wp\/v2\/pages"}],"about":[{"href":"https:\/\/www.velo2.cergypontoise.fr\/fr\/wp-json\/wp\/v2\/types\/page"}],"author":[{"embeddable":true,"href":"https:\/\/www.velo2.cergypontoise.fr\/fr\/wp-json\/wp\/v2\/users\/5"}],"replies":[{"embeddable":true,"href":"https:\/\/www.velo2.cergypontoise.fr\/fr\/wp-json\/wp\/v2\/comments?post=124"}],"version-history":[{"count":1,"href":"https:\/\/www.velo2.cergypontoise.fr\/fr\/wp-json\/wp\/v2\/pages\/124\/revisions"}],"predecessor-version":[{"id":150,"href":"https:\/\/www.velo2.cergypontoise.fr\/fr\/wp-json\/wp\/v2\/pages\/124\/revisions\/150"}],"wp:attachment":[{"href":"https:\/\/www.velo2.cergypontoise.fr\/fr\/wp-json\/wp\/v2\/media?parent=124"}],"curies":[{"name":"wp","href":"https:\/\/api.w.org\/{rel}","templated":true}]}}