{"id":128,"date":"2022-08-11T12:14:05","date_gmt":"2022-08-11T10:14:05","guid":{"rendered":"https:\/\/nextbike-live.pluspol-networks.de\/cergy-pontoise\/datenschutz\/"},"modified":"2025-04-24T10:45:30","modified_gmt":"2025-04-24T08:45:30","slug":"confidentialite","status":"publish","type":"page","link":"https:\/\/www.velo2.cergypontoise.fr\/fr\/confidentialite\/","title":{"rendered":"D\u00e9claration de confidentialit\u00e9"},"content":{"rendered":"<div class=\"wpb-content-wrapper\"><p>[vc_row][vc_column][vc_column_text]<div class=\"ppi_privacy ppi_content\"><h2>Confidentialit\u00e9<\/h2>\n<p><strong>Nom et adresse de la personne responsable:<\/strong><\/p>\n<p>La personne responsable au sens du r\u00e8glement de base sur la protection des donn\u00e9es et des autres lois nationales sur la protection des donn\u00e9es des \u00c9tats membres ainsi que des autres dispositions relatives \u00e0 la protection des donn\u00e9es est:<\/p>\n<div data-font-name=\"g_d3_f4\" data-angle=\"0\" data-canvas-width=\"117.61519999999996\">nextbike France<br \/>\n17 Avenue de Strasbourg<br \/>\n68350 Brunstatt-Didenheim<\/div>\n<p>Contact:\u00a0<a class=\"c-link\" href=\"mailto:datenschutz@nextbike.de\" target=\"_blank\" rel=\"noopener noreferrer\" data-stringify-link=\"mailto:datenschutz@nextbike.de\" data-sk=\"tooltip_parent\" aria-expanded=\"false\">datenschutz@nextbike.de<\/a><\/p>\n<p>Nous prenons tr\u00e8s au s\u00e9rieux la protection de vos donn\u00e9es personnelles et les traitons de mani\u00e8re confidentielle et conform\u00e9ment aux dispositions l\u00e9gales en mati\u00e8re de protection des donn\u00e9es et \u00e0 la pr\u00e9sente d\u00e9claration de protection des donn\u00e9es.<\/p>\n<p>L\u2019utilisation de nos pages web est possible sans fournir de donn\u00e9es personnelles. Dans la mesure o\u00f9 des donn\u00e9es personnelles (par exemple le nom, l\u2019adresse ou l\u2019adresse \u00e9lectronique) sont recueillies sur nos pages, ceci a lieu, dans la mesure du possible, toujours sur une base volontaire. Ces donn\u00e9es ne seront pas transmises \u00e0 des tiers sans votre consentement explicite.<\/p>\n<p>Les dispositions suivantes vous informent \u00e0 cet \u00e9gard sur le type, la port\u00e9e et la finalit\u00e9 de la collecte, de l\u2019utilisation et du traitement des donn\u00e9es personnelles par le prestataire.<\/p>\n<p>&nbsp;<\/p>\n<p><a class=\"borlabs-cookie-preference\" href=\"#\">D\u00e9finir des param\u00e8tres individuels de protection des donn\u00e9es.<\/a><\/p>\n<h4 class=\"ppi_download_headline\">Politique de confidentialit\u00e9 relative \u00e0 l&#039;utilisation du site Web<\/h4><div class=\"ppi_download_row ppi_row\"><div class=\"ppi_download_col ppi_col-md-6\"><p class=\"ppi_download_desc\">Politique de confidentialit\u00e9 relative \u00e0 l&#039;utilisation du site Web (fran\u00e7ais)<\/p><a aria-label=\"Ouvre dans un nouvel onglet\" href=\"https:\/\/www.velo2.cergypontoise.fr\/wp-content\/uploads\/sites\/102\/2025\/11\/2025-11-10_Privacy-Notice-WEBSITE_nextbike-France_fr.pdf\" target=\"_blank\" class=\"ppi_download_link\"><strong>T\u00e9l\u00e9charger<\/strong><\/a><\/div><div class=\"ppi_download_col ppi_col-md-6\"><p class=\"ppi_download_desc\">Politique de confidentialit\u00e9 relative \u00e0 l&#039;utilisation du site Web (anglais)<\/p><a aria-label=\"Ouvre dans un nouvel onglet\" href=\"https:\/\/www.velo2.cergypontoise.fr\/wp-content\/uploads\/sites\/102\/2025\/11\/2025-11-10_Privacy-Notice-WEBSITE_nextbike-France_eng.pdf\" target=\"_blank\" class=\"ppi_download_link\"><strong>T\u00e9l\u00e9charger<\/strong><\/a><\/div><\/div><h4 class=\"ppi_download_headline\">Politique de confidentialit\u00e9 relative \u00e0 l&#039;utilisation de l&#039;application<\/h4><div class=\"ppi_download_row ppi_row\"><div class=\"ppi_download_col ppi_col-md-6\"><p class=\"ppi_download_desc\">Politique de confidentialit\u00e9 relative \u00e0 l&#039;utilisation de l&#039;application (fran\u00e7ais)<\/p><a aria-label=\"Ouvre dans un nouvel onglet\" href=\"https:\/\/www.velo2.cergypontoise.fr\/wp-content\/uploads\/sites\/102\/2025\/11\/2025-11-10_Privacy-Notice-APP_nextbike-France_fr.pdf\" target=\"_blank\" class=\"ppi_download_link\"><strong>T\u00e9l\u00e9charger<\/strong><\/a><\/div><div class=\"ppi_download_col ppi_col-md-6\"><p class=\"ppi_download_desc\">Politique de confidentialit\u00e9 relative \u00e0 l&#039;utilisation de l&#039;application (anglais)<\/p><a aria-label=\"Ouvre dans un nouvel onglet\" href=\"https:\/\/www.velo2.cergypontoise.fr\/wp-content\/uploads\/sites\/102\/2025\/11\/2025-11-10_Privacy-Notice-APP_nextbike-France_eng.pdf\" target=\"_blank\" class=\"ppi_download_link\"><strong>T\u00e9l\u00e9charger<\/strong><\/a><\/div><\/div><\/div>[\/vc_column_text][\/vc_column][\/vc_row]<\/p>\n<\/div>","protected":false},"excerpt":{"rendered":"<p>[vc_row][vc_column][vc_column_text][\/vc_column_text][\/vc_column][\/vc_row]<\/p>\n","protected":false},"author":5,"featured_media":0,"parent":0,"menu_order":0,"comment_status":"closed","ping_status":"closed","template":"page-bubble.php","meta":{"_acf_changed":false,"inline_featured_image":false,"footnotes":""},"class_list":["post-128","page","type-page","status-publish","hentry"],"acf":[],"yoast_head":"<!-- This site is optimized with the Yoast SEO plugin v27.2 - https:\/\/yoast.com\/product\/yoast-seo-wordpress\/ -->\n<title>D\u00e9claration de confidentialit\u00e9 - V\u00e9lO2 Cergy-Pontoise<\/title>\n<meta name=\"description\" content=\"Nous prenons tr\u00e8s au s\u00e9rieux la protection de vos donn\u00e9es personnelles et les traitons de mani\u00e8re confidentielle et conform\u00e9ment aux dispositions l\u00e9gales en mati\u00e8re de protection des donn\u00e9es et \u00e0 la pr\u00e9sente d\u00e9claration de protection des donn\u00e9es.\" \/>\n<meta name=\"robots\" content=\"index, follow, max-snippet:-1, max-image-preview:large, max-video-preview:-1\" \/>\n<link rel=\"canonical\" href=\"https:\/\/www.velo2.cergypontoise.fr\/fr\/confidentialite\/\" \/>\n<meta property=\"og:locale\" content=\"fr_FR\" \/>\n<meta property=\"og:type\" content=\"article\" \/>\n<meta property=\"og:title\" content=\"D\u00e9claration de confidentialit\u00e9 - V\u00e9lO2 Cergy-Pontoise\" \/>\n<meta property=\"og:description\" content=\"Nous prenons tr\u00e8s au s\u00e9rieux la protection de vos donn\u00e9es personnelles et les traitons de mani\u00e8re confidentielle et conform\u00e9ment aux dispositions l\u00e9gales en mati\u00e8re de protection des donn\u00e9es et \u00e0 la pr\u00e9sente d\u00e9claration de protection des donn\u00e9es.\" \/>\n<meta property=\"og:url\" content=\"https:\/\/www.velo2.cergypontoise.fr\/fr\/confidentialite\/\" \/>\n<meta property=\"og:site_name\" content=\"V\u00e9lO2 Cergy-Pontoise\" \/>\n<meta property=\"article:modified_time\" content=\"2025-04-24T08:45:30+00:00\" \/>\n<meta name=\"twitter:card\" content=\"summary_large_image\" \/>\n<meta name=\"twitter:label1\" content=\"Dur\u00e9e de lecture estim\u00e9e\" \/>\n\t<meta name=\"twitter:data1\" content=\"1 minute\" \/>\n<script type=\"application\/ld+json\" class=\"yoast-schema-graph\">{\"@context\":\"https:\/\/schema.org\",\"@graph\":[{\"@type\":\"WebPage\",\"@id\":\"https:\/\/www.velo2.cergypontoise.fr\/fr\/confidentialite\/\",\"url\":\"https:\/\/www.velo2.cergypontoise.fr\/fr\/confidentialite\/\",\"name\":\"D\u00e9claration de confidentialit\u00e9 - V\u00e9lO2 Cergy-Pontoise\",\"isPartOf\":{\"@id\":\"https:\/\/www.velo2.cergypontoise.fr\/fr\/#website\"},\"datePublished\":\"2022-08-11T10:14:05+00:00\",\"dateModified\":\"2025-04-24T08:45:30+00:00\",\"description\":\"Nous prenons tr\u00e8s au s\u00e9rieux la protection de vos donn\u00e9es personnelles et les traitons de mani\u00e8re confidentielle et conform\u00e9ment aux dispositions l\u00e9gales en mati\u00e8re de protection des donn\u00e9es et \u00e0 la pr\u00e9sente d\u00e9claration de protection des donn\u00e9es.\",\"breadcrumb\":{\"@id\":\"https:\/\/www.velo2.cergypontoise.fr\/fr\/confidentialite\/#breadcrumb\"},\"inLanguage\":\"fr-FR\",\"potentialAction\":[{\"@type\":\"ReadAction\",\"target\":[\"https:\/\/www.velo2.cergypontoise.fr\/fr\/confidentialite\/\"]}]},{\"@type\":\"BreadcrumbList\",\"@id\":\"https:\/\/www.velo2.cergypontoise.fr\/fr\/confidentialite\/#breadcrumb\",\"itemListElement\":[{\"@type\":\"ListItem\",\"position\":1,\"name\":\"Startseite\",\"item\":\"https:\/\/www.velo2.cergypontoise.fr\/fr\/\"},{\"@type\":\"ListItem\",\"position\":2,\"name\":\"D\u00e9claration de confidentialit\u00e9\"}]},{\"@type\":\"WebSite\",\"@id\":\"https:\/\/www.velo2.cergypontoise.fr\/fr\/#website\",\"url\":\"https:\/\/www.velo2.cergypontoise.fr\/fr\/\",\"name\":\"V\u00e9lO2 Cergy-Pontoise\",\"description\":\"Bike Sharing by nextbike\",\"potentialAction\":[{\"@type\":\"SearchAction\",\"target\":{\"@type\":\"EntryPoint\",\"urlTemplate\":\"https:\/\/www.velo2.cergypontoise.fr\/fr\/?s={search_term_string}\"},\"query-input\":{\"@type\":\"PropertyValueSpecification\",\"valueRequired\":true,\"valueName\":\"search_term_string\"}}],\"inLanguage\":\"fr-FR\"}]}<\/script>\n<!-- \/ Yoast SEO plugin. -->","yoast_head_json":{"title":"D\u00e9claration de confidentialit\u00e9 - V\u00e9lO2 Cergy-Pontoise","description":"Nous prenons tr\u00e8s au s\u00e9rieux la protection de vos donn\u00e9es personnelles et les traitons de mani\u00e8re confidentielle et conform\u00e9ment aux dispositions l\u00e9gales en mati\u00e8re de protection des donn\u00e9es et \u00e0 la pr\u00e9sente d\u00e9claration de protection des donn\u00e9es.","robots":{"index":"index","follow":"follow","max-snippet":"max-snippet:-1","max-image-preview":"max-image-preview:large","max-video-preview":"max-video-preview:-1"},"canonical":"https:\/\/www.velo2.cergypontoise.fr\/fr\/confidentialite\/","og_locale":"fr_FR","og_type":"article","og_title":"D\u00e9claration de confidentialit\u00e9 - V\u00e9lO2 Cergy-Pontoise","og_description":"Nous prenons tr\u00e8s au s\u00e9rieux la protection de vos donn\u00e9es personnelles et les traitons de mani\u00e8re confidentielle et conform\u00e9ment aux dispositions l\u00e9gales en mati\u00e8re de protection des donn\u00e9es et \u00e0 la pr\u00e9sente d\u00e9claration de protection des donn\u00e9es.","og_url":"https:\/\/www.velo2.cergypontoise.fr\/fr\/confidentialite\/","og_site_name":"V\u00e9lO2 Cergy-Pontoise","article_modified_time":"2025-04-24T08:45:30+00:00","twitter_card":"summary_large_image","twitter_misc":{"Dur\u00e9e de lecture estim\u00e9e":"1 minute"},"schema":{"@context":"https:\/\/schema.org","@graph":[{"@type":"WebPage","@id":"https:\/\/www.velo2.cergypontoise.fr\/fr\/confidentialite\/","url":"https:\/\/www.velo2.cergypontoise.fr\/fr\/confidentialite\/","name":"D\u00e9claration de confidentialit\u00e9 - V\u00e9lO2 Cergy-Pontoise","isPartOf":{"@id":"https:\/\/www.velo2.cergypontoise.fr\/fr\/#website"},"datePublished":"2022-08-11T10:14:05+00:00","dateModified":"2025-04-24T08:45:30+00:00","description":"Nous prenons tr\u00e8s au s\u00e9rieux la protection de vos donn\u00e9es personnelles et les traitons de mani\u00e8re confidentielle et conform\u00e9ment aux dispositions l\u00e9gales en mati\u00e8re de protection des donn\u00e9es et \u00e0 la pr\u00e9sente d\u00e9claration de protection des donn\u00e9es.","breadcrumb":{"@id":"https:\/\/www.velo2.cergypontoise.fr\/fr\/confidentialite\/#breadcrumb"},"inLanguage":"fr-FR","potentialAction":[{"@type":"ReadAction","target":["https:\/\/www.velo2.cergypontoise.fr\/fr\/confidentialite\/"]}]},{"@type":"BreadcrumbList","@id":"https:\/\/www.velo2.cergypontoise.fr\/fr\/confidentialite\/#breadcrumb","itemListElement":[{"@type":"ListItem","position":1,"name":"Startseite","item":"https:\/\/www.velo2.cergypontoise.fr\/fr\/"},{"@type":"ListItem","position":2,"name":"D\u00e9claration de confidentialit\u00e9"}]},{"@type":"WebSite","@id":"https:\/\/www.velo2.cergypontoise.fr\/fr\/#website","url":"https:\/\/www.velo2.cergypontoise.fr\/fr\/","name":"V\u00e9lO2 Cergy-Pontoise","description":"Bike Sharing by nextbike","potentialAction":[{"@type":"SearchAction","target":{"@type":"EntryPoint","urlTemplate":"https:\/\/www.velo2.cergypontoise.fr\/fr\/?s={search_term_string}"},"query-input":{"@type":"PropertyValueSpecification","valueRequired":true,"valueName":"search_term_string"}}],"inLanguage":"fr-FR"}]}},"_links":{"self":[{"href":"https:\/\/www.velo2.cergypontoise.fr\/fr\/wp-json\/wp\/v2\/pages\/128","targetHints":{"allow":["GET"]}}],"collection":[{"href":"https:\/\/www.velo2.cergypontoise.fr\/fr\/wp-json\/wp\/v2\/pages"}],"about":[{"href":"https:\/\/www.velo2.cergypontoise.fr\/fr\/wp-json\/wp\/v2\/types\/page"}],"author":[{"embeddable":true,"href":"https:\/\/www.velo2.cergypontoise.fr\/fr\/wp-json\/wp\/v2\/users\/5"}],"replies":[{"embeddable":true,"href":"https:\/\/www.velo2.cergypontoise.fr\/fr\/wp-json\/wp\/v2\/comments?post=128"}],"version-history":[{"count":1,"href":"https:\/\/www.velo2.cergypontoise.fr\/fr\/wp-json\/wp\/v2\/pages\/128\/revisions"}],"predecessor-version":[{"id":146,"href":"https:\/\/www.velo2.cergypontoise.fr\/fr\/wp-json\/wp\/v2\/pages\/128\/revisions\/146"}],"wp:attachment":[{"href":"https:\/\/www.velo2.cergypontoise.fr\/fr\/wp-json\/wp\/v2\/media?parent=128"}],"curies":[{"name":"wp","href":"https:\/\/api.w.org\/{rel}","templated":true}]}}