{"id":321,"date":"2025-05-28T14:49:37","date_gmt":"2025-05-28T12:49:37","guid":{"rendered":"https:\/\/nextbike-live.pluspol-networks.de\/cergy-pontoise\/?page_id=321"},"modified":"2025-05-28T15:18:26","modified_gmt":"2025-05-28T13:18:26","slug":"reductions","status":"publish","type":"page","link":"https:\/\/www.velo2.cergypontoise.fr\/fr\/reductions\/","title":{"rendered":"R\u00e9ductions"},"content":{"rendered":"<div class=\"wpb-content-wrapper\"><p>[vc_row][vc_column][vc_column_text css=\u00a0\u00bb\u00a0\u00bb]<\/p>\n<h1 style=\"text-align: center;\">R\u00e9ductions<\/h1>\n<h3 style=\"text-align: center;\">Profitez de V\u00e9lO2 \u00e0 un tarif pr\u00e9f\u00e9rentiel<\/h3>\n<p>[\/vc_column_text][\/vc_column][\/vc_row][vc_row][vc_column width=\u00a0\u00bb1\/6&Prime;][vc_icon icon_fontawesome=\u00a0\u00bbfas fa-user-friends\u00a0\u00bb color=\u00a0\u00bbcustom\u00a0\u00bb size=\u00a0\u00bblg\u00a0\u00bb css=\u00a0\u00bb\u00a0\u00bb custom_color=\u00a0\u00bb#45AC34&Prime;][\/vc_column][vc_column width=\u00a0\u00bb5\/6&Prime;][vc_tta_accordion active_section=\u00a0\u00bb0&Prime; collapsible_all=\u00a0\u00bbtrue\u00a0\u00bb title=\u00a0\u00bbB\u00e9n\u00e9ficiaires RSA\u00a0\u00bb][vc_tta_section title=\u00a0\u00bbComment demander votre r\u00e9duction\u00a0\u00bb tab_id=\u00a0\u00bbinstitutionen5b6a-e2719d56-c3dd\u00a0\u00bb][vc_column_text css=\u00a0\u00bb\u00a0\u00bb]<span data-sheets-root=\"1\">Les b\u00e9n\u00e9ficiaires du RSA b\u00e9n\u00e9ficient d&rsquo;une r\u00e9duction sur les abonnements annuels :<br \/>\n<\/span><\/p>\n<ul>\n<li><span data-sheets-root=\"1\">L&rsquo;abonnement annuel pour les v\u00e9los m\u00e9caniques co\u00fbte 31 \u20ac au lieu de 40 \u20ac<\/span><\/li>\n<li>L&rsquo;abonnement annuel pour les v\u00e9los \u00e9lectriques et m\u00e9caniques co\u00fbte 74 \u20ac au lieu de 95 \u20ac<\/li>\n<\/ul>\n<p><span data-sheets-root=\"1\"><br \/>\nVeuillez envoyer une justificatif de perception du RSA (attestation CAF) et de votre lieu de r\u00e9sidence indiquant une adresse au CACP (facture de gaz, d&rsquo;\u00e9lectricit\u00e9 ou de t\u00e9l\u00e9phone datant de moins de trois mois). \u00e0 notre service client\u00e8le \u00e0 l&rsquo;adresse <a href=\"mailto:velo2@nextbike.com\">velo2@nextbike.com<\/a>, en pr\u00e9cisant l&rsquo;abonnement que vous souhaitez r\u00e9server. Apr\u00e8s v\u00e9rification du documents, nous cr\u00e9diterons le tarif r\u00e9duit sur votre compte client.<\/span>[\/vc_column_text][\/vc_tta_section][\/vc_tta_accordion][\/vc_column][\/vc_row][vc_row ppi_row_padding=\u00a0\u00bbppi_remove_padding_top\u00a0\u00bb][vc_column width=\u00a0\u00bb1\/6&Prime;][vc_icon icon_fontawesome=\u00a0\u00bbfas fa-child\u00a0\u00bb color=\u00a0\u00bbcustom\u00a0\u00bb size=\u00a0\u00bblg\u00a0\u00bb css=\u00a0\u00bb\u00a0\u00bb custom_color=\u00a0\u00bb#45AC34&Prime;][\/vc_column][vc_column width=\u00a0\u00bb5\/6&Prime;][vc_tta_accordion active_section=\u00a0\u00bb0&Prime; collapsible_all=\u00a0\u00bbtrue\u00a0\u00bb title=\u00a0\u00bbMoins de 26 ans\u00a0\u00bb][vc_tta_section title=\u00a0\u00bbComment demander votre r\u00e9duction\u00a0\u00bb tab_id=\u00a0\u00bbuni-koeln5b6a-e2719d56-c3dd\u00a0\u00bb][vc_column_text css=\u00a0\u00bb\u00a0\u00bb]<span data-sheets-root=\"1\">Les utilisateurs de moins de 26 ans b\u00e9n\u00e9ficient d&rsquo;une r\u00e9duction sur les abonnements annuels :<\/span><\/p>\n<ul>\n<li><span data-sheets-root=\"1\">L&rsquo;abonnement annuel pour les v\u00e9los m\u00e9caniques co\u00fbte 31 \u20ac au lieu de 40 \u20ac<\/span><\/li>\n<li>L&rsquo;abonnement annuel pour les v\u00e9los \u00e9lectriques et m\u00e9caniques co\u00fbte 74 \u20ac au lieu de 95 \u20ac<\/li>\n<\/ul>\n<p><span data-sheets-root=\"1\"><br \/>\nVeuillez envoyer une copie recto verso d&rsquo;une pi\u00e8ce d&rsquo;identit\u00e9 en cours de validit\u00e9 au moment de l&rsquo;inscription<br \/>\net un justificatif de domicile indiquant une adresse dans la zone CACP \u00e0 notre service client\u00e8le \u00e0 l&rsquo;adresse <a href=\"mailto:velo2@nextbike.com\">velo2@nextbike.com<\/a>, en pr\u00e9cisant l&rsquo;abonnement que vous souhaitez r\u00e9server. Apr\u00e8s v\u00e9rification des documents, nous cr\u00e9diterons le tarif r\u00e9duit sur votre compte client.<\/span>[\/vc_column_text][\/vc_tta_section][\/vc_tta_accordion][\/vc_column][\/vc_row][vc_row ppi_row_padding=\u00a0\u00bbppi_remove_padding_top\u00a0\u00bb][vc_column width=\u00a0\u00bb1\/6&Prime;][vc_icon icon_fontawesome=\u00a0\u00bbfas fa-user-graduate\u00a0\u00bb color=\u00a0\u00bbcustom\u00a0\u00bb size=\u00a0\u00bblg\u00a0\u00bb css=\u00a0\u00bb\u00a0\u00bb custom_color=\u00a0\u00bb#45AC34&Prime;][\/vc_column][vc_column width=\u00a0\u00bb5\/6&Prime;][vc_tta_accordion active_section=\u00a0\u00bb0&Prime; collapsible_all=\u00a0\u00bbtrue\u00a0\u00bb title=\u00a0\u00bb\u00c9tudiants\u00a0\u00bb][vc_tta_section title=\u00a0\u00bbComment demander votre r\u00e9duction\u00a0\u00bb tab_id=\u00a0\u00bbconcessions5b6a-e2719d56-c3dd\u00a0\u00bb][vc_column_text css=\u00a0\u00bb\u00a0\u00bb]<span data-sheets-root=\"1\">Les \u00e9tudiants b\u00e9n\u00e9ficient d&rsquo;une offre sp\u00e9ciale pour un abonnement de 10 mois \u00e0 prix r\u00e9duit pour l&rsquo;ann\u00e9e universitaire, de septembre \u00e0 juin :<\/span><\/p>\n<ul>\n<li><span data-sheets-root=\"1\">L&rsquo;abonnement de 10 mois pour les v\u00e9los m\u00e9caniques co\u00fbte 34 \u20ac.<\/span><\/li>\n<li>L&rsquo;abonnement de 10 mois pour les v\u00e9los \u00e9lectriques et m\u00e9caniques co\u00fbte 79 \u20ac.<\/li>\n<\/ul>\n<p><span data-sheets-root=\"1\"><br \/>\nVeuillez envoyer votre carte d&rsquo;\u00e9tudiant et un justificatif de domicile indiquant une adresse dans la zone couverte par le CACP \u00e0 notre service client\u00e8le \u00e0 l&rsquo;adresse <a href=\"mailto:velo2@nextbike.com\">velo2@nextbike.com<\/a>, en pr\u00e9cisant l&rsquo;abonnement que vous souhaitez souscrire. Une fois les documents v\u00e9rifi\u00e9s, nous cr\u00e9diterons le tarif r\u00e9duit sur votre compte client.<\/span>[\/vc_column_text][\/vc_tta_section][\/vc_tta_accordion][\/vc_column][\/vc_row]<\/p>\n<\/div>","protected":false},"excerpt":{"rendered":"<p>[vc_row][vc_column][vc_column_text css=\u00a0\u00bb\u00a0\u00bb] R\u00e9ductions Profitez de V\u00e9lO2 \u00e0 un tarif pr\u00e9f\u00e9rentiel [\/vc_column_text][\/vc_column][\/vc_row][vc_row][vc_column width=\u00a0\u00bb1\/6&Prime;][vc_icon icon_fontawesome=\u00a0\u00bbfas fa-user-friends\u00a0\u00bb color=\u00a0\u00bbcustom\u00a0\u00bb size=\u00a0\u00bblg\u00a0\u00bb css=\u00a0\u00bb\u00a0\u00bb custom_color=\u00a0\u00bb#45AC34&Prime;][\/vc_column][vc_column width=\u00a0\u00bb5\/6&Prime;][vc_tta_accordion active_section=\u00a0\u00bb0&Prime; collapsible_all=\u00a0\u00bbtrue\u00a0\u00bb title=\u00a0\u00bbB\u00e9n\u00e9ficiaires RSA\u00a0\u00bb][vc_tta_section title=\u00a0\u00bbComment demander votre r\u00e9duction\u00a0\u00bb tab_id=\u00a0\u00bbinstitutionen5b6a-e2719d56-c3dd\u00a0\u00bb][vc_column_text css=\u00a0\u00bb\u00a0\u00bb]Les b\u00e9n\u00e9ficiaires du RSA b\u00e9n\u00e9ficient d&rsquo;une r\u00e9duction sur les abonnements annuels : L&rsquo;abonnement annuel pour les v\u00e9los m\u00e9caniques co\u00fbte 31 \u20ac au lieu de 40 \u20ac L&rsquo;abonnement [&hellip;]<\/p>\n","protected":false},"author":13,"featured_media":0,"parent":0,"menu_order":0,"comment_status":"closed","ping_status":"closed","template":"page-bubble.php","meta":{"_acf_changed":false,"inline_featured_image":false,"footnotes":""},"class_list":["post-321","page","type-page","status-publish","hentry"],"acf":[],"yoast_head":"<!-- This site is optimized with the Yoast SEO plugin v27.2 - https:\/\/yoast.com\/product\/yoast-seo-wordpress\/ -->\n<title>R\u00e9ductions pour V\u00e9lO2<\/title>\n<meta name=\"description\" content=\"Des abonnements \u00e0 tarif r\u00e9duit sont disponibles pour les b\u00e9n\u00e9ficiaires du RSA, les moins de 26 ans et les \u00e9tudiants.\" \/>\n<meta name=\"robots\" content=\"index, follow, max-snippet:-1, max-image-preview:large, max-video-preview:-1\" \/>\n<link rel=\"canonical\" href=\"https:\/\/www.velo2.cergypontoise.fr\/fr\/reductions\/\" \/>\n<meta property=\"og:locale\" content=\"fr_FR\" \/>\n<meta property=\"og:type\" content=\"article\" \/>\n<meta property=\"og:title\" content=\"R\u00e9ductions pour V\u00e9lO2\" \/>\n<meta property=\"og:description\" content=\"Des abonnements \u00e0 tarif r\u00e9duit sont disponibles pour les b\u00e9n\u00e9ficiaires du RSA, les moins de 26 ans et les \u00e9tudiants.\" \/>\n<meta property=\"og:url\" content=\"https:\/\/www.velo2.cergypontoise.fr\/fr\/reductions\/\" \/>\n<meta property=\"og:site_name\" content=\"V\u00e9lO2 Cergy-Pontoise\" \/>\n<meta property=\"article:modified_time\" content=\"2025-05-28T13:18:26+00:00\" \/>\n<meta name=\"twitter:card\" content=\"summary_large_image\" \/>\n<meta name=\"twitter:label1\" content=\"Dur\u00e9e de lecture estim\u00e9e\" \/>\n\t<meta name=\"twitter:data1\" content=\"2 minutes\" \/>\n<script type=\"application\/ld+json\" class=\"yoast-schema-graph\">{\"@context\":\"https:\/\/schema.org\",\"@graph\":[{\"@type\":\"WebPage\",\"@id\":\"https:\/\/www.velo2.cergypontoise.fr\/fr\/reductions\/\",\"url\":\"https:\/\/www.velo2.cergypontoise.fr\/fr\/reductions\/\",\"name\":\"R\u00e9ductions pour V\u00e9lO2\",\"isPartOf\":{\"@id\":\"https:\/\/www.velo2.cergypontoise.fr\/fr\/#website\"},\"datePublished\":\"2025-05-28T12:49:37+00:00\",\"dateModified\":\"2025-05-28T13:18:26+00:00\",\"description\":\"Des abonnements \u00e0 tarif r\u00e9duit sont disponibles pour les b\u00e9n\u00e9ficiaires du RSA, les moins de 26 ans et les \u00e9tudiants.\",\"breadcrumb\":{\"@id\":\"https:\/\/www.velo2.cergypontoise.fr\/fr\/reductions\/#breadcrumb\"},\"inLanguage\":\"fr-FR\",\"potentialAction\":[{\"@type\":\"ReadAction\",\"target\":[\"https:\/\/www.velo2.cergypontoise.fr\/fr\/reductions\/\"]}]},{\"@type\":\"BreadcrumbList\",\"@id\":\"https:\/\/www.velo2.cergypontoise.fr\/fr\/reductions\/#breadcrumb\",\"itemListElement\":[{\"@type\":\"ListItem\",\"position\":1,\"name\":\"Startseite\",\"item\":\"https:\/\/www.velo2.cergypontoise.fr\/fr\/\"},{\"@type\":\"ListItem\",\"position\":2,\"name\":\"R\u00e9ductions\"}]},{\"@type\":\"WebSite\",\"@id\":\"https:\/\/www.velo2.cergypontoise.fr\/fr\/#website\",\"url\":\"https:\/\/www.velo2.cergypontoise.fr\/fr\/\",\"name\":\"V\u00e9lO2 Cergy-Pontoise\",\"description\":\"Bike Sharing by nextbike\",\"potentialAction\":[{\"@type\":\"SearchAction\",\"target\":{\"@type\":\"EntryPoint\",\"urlTemplate\":\"https:\/\/www.velo2.cergypontoise.fr\/fr\/?s={search_term_string}\"},\"query-input\":{\"@type\":\"PropertyValueSpecification\",\"valueRequired\":true,\"valueName\":\"search_term_string\"}}],\"inLanguage\":\"fr-FR\"}]}<\/script>\n<!-- \/ Yoast SEO plugin. -->","yoast_head_json":{"title":"R\u00e9ductions pour V\u00e9lO2","description":"Des abonnements \u00e0 tarif r\u00e9duit sont disponibles pour les b\u00e9n\u00e9ficiaires du RSA, les moins de 26 ans et les \u00e9tudiants.","robots":{"index":"index","follow":"follow","max-snippet":"max-snippet:-1","max-image-preview":"max-image-preview:large","max-video-preview":"max-video-preview:-1"},"canonical":"https:\/\/www.velo2.cergypontoise.fr\/fr\/reductions\/","og_locale":"fr_FR","og_type":"article","og_title":"R\u00e9ductions pour V\u00e9lO2","og_description":"Des abonnements \u00e0 tarif r\u00e9duit sont disponibles pour les b\u00e9n\u00e9ficiaires du RSA, les moins de 26 ans et les \u00e9tudiants.","og_url":"https:\/\/www.velo2.cergypontoise.fr\/fr\/reductions\/","og_site_name":"V\u00e9lO2 Cergy-Pontoise","article_modified_time":"2025-05-28T13:18:26+00:00","twitter_card":"summary_large_image","twitter_misc":{"Dur\u00e9e de lecture estim\u00e9e":"2 minutes"},"schema":{"@context":"https:\/\/schema.org","@graph":[{"@type":"WebPage","@id":"https:\/\/www.velo2.cergypontoise.fr\/fr\/reductions\/","url":"https:\/\/www.velo2.cergypontoise.fr\/fr\/reductions\/","name":"R\u00e9ductions pour V\u00e9lO2","isPartOf":{"@id":"https:\/\/www.velo2.cergypontoise.fr\/fr\/#website"},"datePublished":"2025-05-28T12:49:37+00:00","dateModified":"2025-05-28T13:18:26+00:00","description":"Des abonnements \u00e0 tarif r\u00e9duit sont disponibles pour les b\u00e9n\u00e9ficiaires du RSA, les moins de 26 ans et les \u00e9tudiants.","breadcrumb":{"@id":"https:\/\/www.velo2.cergypontoise.fr\/fr\/reductions\/#breadcrumb"},"inLanguage":"fr-FR","potentialAction":[{"@type":"ReadAction","target":["https:\/\/www.velo2.cergypontoise.fr\/fr\/reductions\/"]}]},{"@type":"BreadcrumbList","@id":"https:\/\/www.velo2.cergypontoise.fr\/fr\/reductions\/#breadcrumb","itemListElement":[{"@type":"ListItem","position":1,"name":"Startseite","item":"https:\/\/www.velo2.cergypontoise.fr\/fr\/"},{"@type":"ListItem","position":2,"name":"R\u00e9ductions"}]},{"@type":"WebSite","@id":"https:\/\/www.velo2.cergypontoise.fr\/fr\/#website","url":"https:\/\/www.velo2.cergypontoise.fr\/fr\/","name":"V\u00e9lO2 Cergy-Pontoise","description":"Bike Sharing by nextbike","potentialAction":[{"@type":"SearchAction","target":{"@type":"EntryPoint","urlTemplate":"https:\/\/www.velo2.cergypontoise.fr\/fr\/?s={search_term_string}"},"query-input":{"@type":"PropertyValueSpecification","valueRequired":true,"valueName":"search_term_string"}}],"inLanguage":"fr-FR"}]}},"_links":{"self":[{"href":"https:\/\/www.velo2.cergypontoise.fr\/fr\/wp-json\/wp\/v2\/pages\/321","targetHints":{"allow":["GET"]}}],"collection":[{"href":"https:\/\/www.velo2.cergypontoise.fr\/fr\/wp-json\/wp\/v2\/pages"}],"about":[{"href":"https:\/\/www.velo2.cergypontoise.fr\/fr\/wp-json\/wp\/v2\/types\/page"}],"author":[{"embeddable":true,"href":"https:\/\/www.velo2.cergypontoise.fr\/fr\/wp-json\/wp\/v2\/users\/13"}],"replies":[{"embeddable":true,"href":"https:\/\/www.velo2.cergypontoise.fr\/fr\/wp-json\/wp\/v2\/comments?post=321"}],"version-history":[{"count":2,"href":"https:\/\/www.velo2.cergypontoise.fr\/fr\/wp-json\/wp\/v2\/pages\/321\/revisions"}],"predecessor-version":[{"id":323,"href":"https:\/\/www.velo2.cergypontoise.fr\/fr\/wp-json\/wp\/v2\/pages\/321\/revisions\/323"}],"wp:attachment":[{"href":"https:\/\/www.velo2.cergypontoise.fr\/fr\/wp-json\/wp\/v2\/media?parent=321"}],"curies":[{"name":"wp","href":"https:\/\/api.w.org\/{rel}","templated":true}]}}